{"id":623,"date":"2022-07-08T13:46:21","date_gmt":"2022-07-08T13:46:21","guid":{"rendered":"https:\/\/demo.creativethemes.com\/elementor\/cleaning-service\/?page_id=623"},"modified":"2024-01-29T22:21:33","modified_gmt":"2024-01-29T21:21:33","slug":"o-nama-aeternum","status":"publish","type":"page","link":"https:\/\/aeternum.hr\/wordpress\/o-nama-aeternum\/","title":{"rendered":"O nama"},"content":{"rendered":"\t\t<div data-elementor-type=\"wp-page\" data-elementor-id=\"623\" class=\"elementor elementor-623\">\n\t\t\t\t<div class=\"elementor-element elementor-element-0aa070e e-con-full e-flex e-con e-parent\" data-id=\"0aa070e\" data-element_type=\"container\" data-settings=\"{&quot;background_background&quot;:&quot;classic&quot;}\">\n\t\t\t\t<div class=\"elementor-element elementor-element-84f59a5 elementor-widget__width-initial elementor-invisible elementor-widget elementor-widget-heading\" data-id=\"84f59a5\" data-element_type=\"widget\" data-settings=\"{&quot;_animation&quot;:&quot;fadeInLeft&quot;}\" data-widget_type=\"heading.default\">\n\t\t\t\t<div class=\"elementor-widget-container\">\n\t\t\t\t\t<h2 class=\"elementor-heading-title elementor-size-default\">O nama<\/h2>\t\t\t\t<\/div>\n\t\t\t\t<\/div>\n\t\t\t\t<\/div>\n\t\t<div class=\"elementor-element elementor-element-b549700 e-flex e-con-boxed elementor-invisible e-con e-parent\" data-id=\"b549700\" data-element_type=\"container\" data-settings=\"{&quot;animation&quot;:&quot;fadeInUp&quot;}\">\n\t\t\t\t\t<div class=\"e-con-inner\">\n\t\t<div class=\"elementor-element elementor-element-29a0618 e-con-full e-flex e-con e-child\" data-id=\"29a0618\" data-element_type=\"container\">\n\t\t<div class=\"elementor-element elementor-element-f215edb e-flex e-con-boxed e-con e-child\" data-id=\"f215edb\" data-element_type=\"container\">\n\t\t\t\t\t<div class=\"e-con-inner\">\n\t\t\t\t<div class=\"elementor-element elementor-element-17f8c76 elementor-invisible elementor-widget elementor-widget-text-editor\" data-id=\"17f8c76\" data-element_type=\"widget\" data-settings=\"{&quot;_animation&quot;:&quot;fadeInUp&quot;}\" data-widget_type=\"text-editor.default\">\n\t\t\t\t<div class=\"elementor-widget-container\">\n\t\t\t\t\t\t\t\t\t<p>O nama<\/p>\t\t\t\t\t\t\t\t<\/div>\n\t\t\t\t<\/div>\n\t\t\t\t\t<\/div>\n\t\t\t\t<\/div>\n\t\t\t\t<div class=\"elementor-element elementor-element-c043964 elementor-widget-divider--view-line elementor-widget elementor-widget-divider\" data-id=\"c043964\" data-element_type=\"widget\" data-widget_type=\"divider.default\">\n\t\t\t\t<div class=\"elementor-widget-container\">\n\t\t\t\t\t\t\t<div class=\"elementor-divider\">\n\t\t\t<span class=\"elementor-divider-separator\">\n\t\t\t\t\t\t<\/span>\n\t\t<\/div>\n\t\t\t\t\t\t<\/div>\n\t\t\t\t<\/div>\n\t\t\t\t<div class=\"elementor-element elementor-element-71dbdc7 elementor-invisible elementor-widget elementor-widget-text-editor\" data-id=\"71dbdc7\" data-element_type=\"widget\" data-settings=\"{&quot;_animation&quot;:&quot;fadeInUp&quot;}\" data-widget_type=\"text-editor.default\">\n\t\t\t\t<div class=\"elementor-widget-container\">\n\t\t\t\t\t\t\t\t\t<p>Mi Gradimo za Ljude<\/p>\t\t\t\t\t\t\t\t<\/div>\n\t\t\t\t<\/div>\n\t\t\t\t<div class=\"elementor-element elementor-element-40f609c elementor-widget-divider--view-line elementor-widget elementor-widget-divider\" data-id=\"40f609c\" data-element_type=\"widget\" data-widget_type=\"divider.default\">\n\t\t\t\t<div class=\"elementor-widget-container\">\n\t\t\t\t\t\t\t<div class=\"elementor-divider\">\n\t\t\t<span class=\"elementor-divider-separator\">\n\t\t\t\t\t\t<\/span>\n\t\t<\/div>\n\t\t\t\t\t\t<\/div>\n\t\t\t\t<\/div>\n\t\t<div class=\"elementor-element elementor-element-83d96d8 e-flex e-con-boxed e-con e-child\" data-id=\"83d96d8\" data-element_type=\"container\">\n\t\t\t\t\t<div class=\"e-con-inner\">\n\t\t\t\t<div class=\"elementor-element elementor-element-22cb73a elementor-invisible elementor-widget elementor-widget-image\" data-id=\"22cb73a\" data-element_type=\"widget\" data-settings=\"{&quot;_animation&quot;:&quot;fadeInUp&quot;}\" data-widget_type=\"image.default\">\n\t\t\t\t<div class=\"elementor-widget-container\">\n\t\t\t\t\t\t\t\t\t\t\t\t\t\t\t<img fetchpriority=\"high\" decoding=\"async\" width=\"1024\" height=\"683\" src=\"https:\/\/aeternum.hr\/wordpress\/wp-content\/uploads\/2024\/01\/pexels-pixabay-159306-1-1024x683.jpg\" class=\"attachment-large size-large wp-image-1946\" alt=\"\" srcset=\"https:\/\/aeternum.hr\/wordpress\/wp-content\/uploads\/2024\/01\/pexels-pixabay-159306-1-1024x683.jpg 1024w, https:\/\/aeternum.hr\/wordpress\/wp-content\/uploads\/2024\/01\/pexels-pixabay-159306-1-300x200.jpg 300w, https:\/\/aeternum.hr\/wordpress\/wp-content\/uploads\/2024\/01\/pexels-pixabay-159306-1-768x512.jpg 768w, https:\/\/aeternum.hr\/wordpress\/wp-content\/uploads\/2024\/01\/pexels-pixabay-159306-1-1536x1024.jpg 1536w, https:\/\/aeternum.hr\/wordpress\/wp-content\/uploads\/2024\/01\/pexels-pixabay-159306-1-2048x1365.jpg 2048w\" sizes=\"(max-width: 1024px) 100vw, 1024px\" \/>\t\t\t\t\t\t\t\t\t\t\t\t\t\t\t<\/div>\n\t\t\t\t<\/div>\n\t\t\t\t\t<\/div>\n\t\t\t\t<\/div>\n\t\t\t\t<\/div>\n\t\t<div class=\"elementor-element elementor-element-9e52f04 e-con-full e-flex e-con e-child\" data-id=\"9e52f04\" data-element_type=\"container\">\n\t\t<div class=\"elementor-element elementor-element-f2be964 e-flex e-con-boxed e-con e-child\" data-id=\"f2be964\" data-element_type=\"container\">\n\t\t\t\t\t<div class=\"e-con-inner\">\n\t\t\t\t<div class=\"elementor-element elementor-element-116fa55 elementor-invisible elementor-widget elementor-widget-text-editor\" data-id=\"116fa55\" data-element_type=\"widget\" data-settings=\"{&quot;_animation&quot;:&quot;fadeInUp&quot;}\" data-widget_type=\"text-editor.default\">\n\t\t\t\t<div class=\"elementor-widget-container\">\n\t\t\t\t\t\t\t\t\t<p>Aeternum je inovativna gra\u0111evinska firma osnovana 2018. godine sa sjedi\u0161tem u Kraljevici. Vlasnik tvrtke je Leonardno Bali\u0107 zajedno sa sa malim timom od 20 stru\u010dnjak sa bogatim iskustvom u gra\u0111evinskoj industriji. Firma se isti\u010de izvo\u0111enjem visokokvalitetnih radova u visokogradnji, posebno se fokusiraju\u0107i na zavr\u0161ne radove u izgradnji. Aeternum se ponosi svojom predano\u0161\u0107u klijentima i pristupom koji kombinira stru\u010dnost, inovacije i visoke standarde kvalitete. Na\u0161a posve\u0107enost izvrsnosti \u010dini nas pouzdanim partnerom u realizaciji gra\u0111evinskih projekata, istovremeno prate\u0107i najnovije trendove u industriji.<\/p>\t\t\t\t\t\t\t\t<\/div>\n\t\t\t\t<\/div>\n\t\t\t\t\t<\/div>\n\t\t\t\t<\/div>\n\t\t\t\t<\/div>\n\t\t\t\t\t<\/div>\n\t\t\t\t<\/div>\n\t\t\t\t<\/div>\n\t\t","protected":false},"excerpt":{"rendered":"<p>O nama O nama Mi Gradimo za Ljude Aeternum je inovativna gra\u0111evinska firma osnovana 2018. godine sa sjedi\u0161tem u Kraljevici. Vlasnik tvrtke je Leonardno Bali\u0107 zajedno sa sa malim timom od 20 stru\u010dnjak sa bogatim iskustvom u gra\u0111evinskoj industriji. Firma se isti\u010de izvo\u0111enjem visokokvalitetnih radova u visokogradnji, posebno se fokusiraju\u0107i na zavr\u0161ne radove u izgradnji. [&hellip;]<\/p>\n","protected":false},"author":1,"featured_media":0,"parent":0,"menu_order":0,"comment_status":"closed","ping_status":"closed","template":"","meta":{"footnotes":""},"class_list":["post-623","page","type-page","status-publish","hentry"],"blocksy_meta":{"page_title_panel":"","has_hero_section":"disabled","611c92d935758790a591783e16fbb041":"","hero_section":"type-1","hero_elements":[{"id":"custom_title","enabled":true,"heading_tag":"h1","title":"Home"},{"id":"custom_description","enabled":true,"description_visibility":{"desktop":true,"tablet":true,"mobile":false}},{"id":"custom_meta","enabled":false,"meta_elements":[{"id":"author","enabled":true,"label":"By","has_author_avatar":"yes","avatar_size":25},{"id":"post_date","enabled":true,"label":"On","date_format_source":"default","date_format":"M j, Y"},{"id":"updated_date","enabled":false,"label":"On","date_format_source":"default","date_format":"M j, Y"},{"id":"categories","enabled":false,"label":"In","style":"simple"},{"id":"comments","enabled":true}],"page_meta_elements":{"joined":true,"articles_count":true,"comments":true}},{"id":"breadcrumbs","enabled":false}],"46e8d3be9da0d1b82f8af8a9cd0f710d":"","hero_alignment1":"CT_CSS_SKIP_RULE","hero_margin":40,"hero_alignment2":"center","hero_vertical_alignment":"center","362640cecb7f38c45fc0d1a335915791":"","hero_structure":"narrow","e336875188121c375021e4fb0e81c0bb":"","page_title_bg_type":"featured_image","custom_hero_background":{"attachment_id":null},"page_title_image_size":"full","parallax":{"desktop":false,"tablet":false,"mobile":false},"57e5570a8110099c3e979646c8607ab1":"","hero_height":"250px","pageTitleFont":{"family":"Default","variation":"Default","size":"30px","line-height":"CT_CSS_SKIP_RULE","letter-spacing":"CT_CSS_SKIP_RULE","text-transform":"CT_CSS_SKIP_RULE","text-decoration":"CT_CSS_SKIP_RULE"},"pageTitleFontColor":{"default":{"color":"CT_CSS_SKIP_RULEDEFAULT"}},"pageMetaFont":{"family":"Default","variation":"n6","size":"12px","line-height":"1.3","letter-spacing":"CT_CSS_SKIP_RULE","text-transform":"uppercase","text-decoration":"CT_CSS_SKIP_RULE"},"pageMetaFontColor":{"default":{"color":"CT_CSS_SKIP_RULEDEFAULT"},"hover":{"color":"CT_CSS_SKIP_RULEDEFAULT"}},"page_meta_button_type_font_colors":{"default":{"color":"CT_CSS_SKIP_RULEDEFAULT"},"hover":{"color":"CT_CSS_SKIP_RULEDEFAULT"}},"page_meta_button_type_background_colors":{"default":{"color":"CT_CSS_SKIP_RULEDEFAULT"},"hover":{"color":"CT_CSS_SKIP_RULEDEFAULT"}},"pageExcerptFont":{"family":"Default","variation":"Default","size":"CT_CSS_SKIP_RULE","line-height":"CT_CSS_SKIP_RULE","letter-spacing":"CT_CSS_SKIP_RULE","text-transform":"CT_CSS_SKIP_RULE","text-decoration":"CT_CSS_SKIP_RULE"},"pageExcerptColor":{"default":{"color":"CT_CSS_SKIP_RULEDEFAULT"}},"breadcrumbsFont":{"family":"Default","variation":"Default","size":"CT_CSS_SKIP_RULE","line-height":"CT_CSS_SKIP_RULE","letter-spacing":"CT_CSS_SKIP_RULE","text-transform":"CT_CSS_SKIP_RULE","text-decoration":"CT_CSS_SKIP_RULE"},"breadcrumbsFontColor":{"default":{"color":"CT_CSS_SKIP_RULEDEFAULT"},"initial":{"color":"CT_CSS_SKIP_RULEDEFAULT"},"hover":{"color":"CT_CSS_SKIP_RULEDEFAULT"}},"pageTitleOverlay":{"background_type":"color","background_pattern":"type-1","background_image":{"attachment_id":null,"x":0,"y":0},"gradient":"linear-gradient(135deg,rgba(6,147,227,1) 0%,rgb(155,81,224) 100%)","background_repeat":"repeat","background_size":"auto","background_attachment":"scroll","patternColor":{"default":{"color":"#e5e7ea"}},"overlayColor":{"default":{"color":"CT_CSS_SKIP_RULE"}},"backgroundColor":{"default":{"color":"CT_CSS_SKIP_RULE"}}},"pageTitleBackground":{"background_type":"color","background_pattern":"type-1","background_image":{"attachment_id":null,"x":0,"y":0},"gradient":"linear-gradient(135deg,rgba(6,147,227,1) 0%,rgb(155,81,224) 100%)","background_repeat":"repeat","background_size":"auto","background_attachment":"scroll","patternColor":{"default":{"color":"#e5e7ea"}},"overlayColor":{"default":{"color":"CT_CSS_SKIP_RULE"}},"backgroundColor":{"default":{"color":"var(--theme-palette-color-6)"}}},"pageTitlePadding":{"top":"50px","bottom":"50px","left":"auto","right":"auto","linked":true},"3ca83537ec355e8d63870a30117b1ce8":"","page_structure_type":"default","dcdc5c66dddca70118f5ac7cc86bba1b":"","content_style_source":"inherit","content_style":"wide","vertical_spacing_source":"custom","content_area_spacing":"none","background":{"background_type":"color","background_pattern":"type-1","background_image":{"attachment_id":null,"x":0,"y":0},"gradient":"linear-gradient(135deg,rgba(6,147,227,1) 0%,rgb(155,81,224) 100%)","background_repeat":"repeat","background_size":"auto","background_attachment":"scroll","patternColor":{"default":{"color":"#e5e7ea"}},"overlayColor":{"default":{"color":"CT_CSS_SKIP_RULE"}},"backgroundColor":{"default":{"color":"CT_CSS_SKIP_RULE"}}},"content_background":{"background_type":"color","background_pattern":"type-1","background_image":{"attachment_id":null,"x":0,"y":0},"gradient":"linear-gradient(135deg,rgba(6,147,227,1) 0%,rgb(155,81,224) 100%)","background_repeat":"repeat","background_size":"auto","background_attachment":"scroll","patternColor":{"default":{"color":"#e5e7ea"}},"overlayColor":{"default":{"color":"CT_CSS_SKIP_RULE"}},"backgroundColor":{"default":{"color":"var(--theme-palette-color-8)"}}},"content_boxed_shadow":{"inherit":false,"blur":18,"spread":-6,"v_offset":12,"h_offset":0,"inset":false,"enable":true,"color":{"color":"rgba(34, 56, 101, 0.04)"}},"content_boxed_border":{"width":1,"style":"none","color":{"color":"rgba(44,62,80,0.2)"}},"content_boxed_radius":{"top":"3px","bottom":"3px","left":"3px","right":"3px","linked":true},"boxed_content_spacing":{"desktop":{"top":"40px","bottom":"40px","left":"40px","right":"40px","linked":true},"tablet":{"top":"35px","bottom":"35px","left":"35px","right":"35px","linked":true},"mobile":{"top":"20px","bottom":"20px","left":"20px","right":"20px","linked":true}},"e7c68c01908467f471590cb05016567f":"","disable_featured_image":"no","disable_share_box":"no","disable_header":"no","disable_footer":"no","styles_descriptor":{"styles":{"desktop":"","tablet":"","mobile":""},"google_fonts":[],"version":6}},"yoast_head":"<!-- This site is optimized with the Yoast SEO plugin v24.8.1 - https:\/\/yoast.com\/wordpress\/plugins\/seo\/ -->\n<title>O nama - Aeternum<\/title>\n<meta name=\"description\" content=\"Aeternum se ponosi svojom predano\u0161\u0107u klijentima i pristupom koji kombinira stru\u010dnost, inovacije i visoke standarde kvalitete.\" \/>\n<meta name=\"robots\" content=\"index, follow, max-snippet:-1, max-image-preview:large, max-video-preview:-1\" \/>\n<link rel=\"canonical\" href=\"https:\/\/aeternum.hr\/wordpress\/o-nama-aeternum\/\" \/>\n<meta property=\"og:locale\" content=\"hr_HR\" \/>\n<meta property=\"og:type\" content=\"article\" \/>\n<meta property=\"og:title\" content=\"O nama - Aeternum\" \/>\n<meta property=\"og:description\" content=\"Aeternum se ponosi svojom predano\u0161\u0107u klijentima i pristupom koji kombinira stru\u010dnost, inovacije i visoke standarde kvalitete.\" \/>\n<meta property=\"og:url\" content=\"https:\/\/aeternum.hr\/wordpress\/o-nama-aeternum\/\" \/>\n<meta property=\"og:site_name\" content=\"Aeternum\" \/>\n<meta property=\"article:modified_time\" content=\"2024-01-29T21:21:33+00:00\" \/>\n<meta property=\"og:image\" content=\"https:\/\/aeternum.hr\/wordpress\/wp-content\/uploads\/2024\/01\/pexels-pixabay-159306-1-1024x683.jpg\" \/>\n<meta name=\"twitter:card\" content=\"summary_large_image\" \/>\n<meta name=\"twitter:label1\" content=\"Procijenjeno vrijeme \u010ditanja\" \/>\n\t<meta name=\"twitter:data1\" content=\"1 minuta\" \/>\n<script type=\"application\/ld+json\" class=\"yoast-schema-graph\">{\"@context\":\"https:\/\/schema.org\",\"@graph\":[{\"@type\":\"WebPage\",\"@id\":\"https:\/\/aeternum.hr\/wordpress\/o-nama-aeternum\/\",\"url\":\"https:\/\/aeternum.hr\/wordpress\/o-nama-aeternum\/\",\"name\":\"O nama - Aeternum\",\"isPartOf\":{\"@id\":\"https:\/\/aeternum.hr\/wordpress\/#website\"},\"primaryImageOfPage\":{\"@id\":\"https:\/\/aeternum.hr\/wordpress\/o-nama-aeternum\/#primaryimage\"},\"image\":{\"@id\":\"https:\/\/aeternum.hr\/wordpress\/o-nama-aeternum\/#primaryimage\"},\"thumbnailUrl\":\"https:\/\/aeternum.hr\/wordpress\/wp-content\/uploads\/2024\/01\/pexels-pixabay-159306-1-1024x683.jpg\",\"datePublished\":\"2022-07-08T13:46:21+00:00\",\"dateModified\":\"2024-01-29T21:21:33+00:00\",\"description\":\"Aeternum se ponosi svojom predano\u0161\u0107u klijentima i pristupom koji kombinira stru\u010dnost, inovacije i visoke standarde kvalitete.\",\"breadcrumb\":{\"@id\":\"https:\/\/aeternum.hr\/wordpress\/o-nama-aeternum\/#breadcrumb\"},\"inLanguage\":\"hr\",\"potentialAction\":[{\"@type\":\"ReadAction\",\"target\":[\"https:\/\/aeternum.hr\/wordpress\/o-nama-aeternum\/\"]}]},{\"@type\":\"ImageObject\",\"inLanguage\":\"hr\",\"@id\":\"https:\/\/aeternum.hr\/wordpress\/o-nama-aeternum\/#primaryimage\",\"url\":\"https:\/\/aeternum.hr\/wordpress\/wp-content\/uploads\/2024\/01\/pexels-pixabay-159306-1-scaled.jpg\",\"contentUrl\":\"https:\/\/aeternum.hr\/wordpress\/wp-content\/uploads\/2024\/01\/pexels-pixabay-159306-1-scaled.jpg\",\"width\":2560,\"height\":1707},{\"@type\":\"BreadcrumbList\",\"@id\":\"https:\/\/aeternum.hr\/wordpress\/o-nama-aeternum\/#breadcrumb\",\"itemListElement\":[{\"@type\":\"ListItem\",\"position\":1,\"name\":\"Home\",\"item\":\"https:\/\/aeternum.hr\/wordpress\/\"},{\"@type\":\"ListItem\",\"position\":2,\"name\":\"O nama\"}]},{\"@type\":\"WebSite\",\"@id\":\"https:\/\/aeternum.hr\/wordpress\/#website\",\"url\":\"https:\/\/aeternum.hr\/wordpress\/\",\"name\":\"Aeternum\",\"description\":\"Web stranica gra\u0111evinske firme\",\"publisher\":{\"@id\":\"https:\/\/aeternum.hr\/wordpress\/#organization\"},\"potentialAction\":[{\"@type\":\"SearchAction\",\"target\":{\"@type\":\"EntryPoint\",\"urlTemplate\":\"https:\/\/aeternum.hr\/wordpress\/?s={search_term_string}\"},\"query-input\":{\"@type\":\"PropertyValueSpecification\",\"valueRequired\":true,\"valueName\":\"search_term_string\"}}],\"inLanguage\":\"hr\"},{\"@type\":\"Organization\",\"@id\":\"https:\/\/aeternum.hr\/wordpress\/#organization\",\"name\":\"Aeternum\",\"url\":\"https:\/\/aeternum.hr\/wordpress\/\",\"logo\":{\"@type\":\"ImageObject\",\"inLanguage\":\"hr\",\"@id\":\"https:\/\/aeternum.hr\/wordpress\/#\/schema\/logo\/image\/\",\"url\":\"https:\/\/aeternum.hr\/wordpress\/wp-content\/uploads\/2024\/01\/logo-2.0.png\",\"contentUrl\":\"https:\/\/aeternum.hr\/wordpress\/wp-content\/uploads\/2024\/01\/logo-2.0.png\",\"width\":800,\"height\":450,\"caption\":\"Aeternum\"},\"image\":{\"@id\":\"https:\/\/aeternum.hr\/wordpress\/#\/schema\/logo\/image\/\"}}]}<\/script>\n<!-- \/ Yoast SEO plugin. -->","yoast_head_json":{"title":"O nama - Aeternum","description":"Aeternum se ponosi svojom predano\u0161\u0107u klijentima i pristupom koji kombinira stru\u010dnost, inovacije i visoke standarde kvalitete.","robots":{"index":"index","follow":"follow","max-snippet":"max-snippet:-1","max-image-preview":"max-image-preview:large","max-video-preview":"max-video-preview:-1"},"canonical":"https:\/\/aeternum.hr\/wordpress\/o-nama-aeternum\/","og_locale":"hr_HR","og_type":"article","og_title":"O nama - Aeternum","og_description":"Aeternum se ponosi svojom predano\u0161\u0107u klijentima i pristupom koji kombinira stru\u010dnost, inovacije i visoke standarde kvalitete.","og_url":"https:\/\/aeternum.hr\/wordpress\/o-nama-aeternum\/","og_site_name":"Aeternum","article_modified_time":"2024-01-29T21:21:33+00:00","og_image":[{"url":"https:\/\/aeternum.hr\/wordpress\/wp-content\/uploads\/2024\/01\/pexels-pixabay-159306-1-1024x683.jpg","type":"","width":"","height":""}],"twitter_card":"summary_large_image","twitter_misc":{"Procijenjeno vrijeme \u010ditanja":"1 minuta"},"schema":{"@context":"https:\/\/schema.org","@graph":[{"@type":"WebPage","@id":"https:\/\/aeternum.hr\/wordpress\/o-nama-aeternum\/","url":"https:\/\/aeternum.hr\/wordpress\/o-nama-aeternum\/","name":"O nama - Aeternum","isPartOf":{"@id":"https:\/\/aeternum.hr\/wordpress\/#website"},"primaryImageOfPage":{"@id":"https:\/\/aeternum.hr\/wordpress\/o-nama-aeternum\/#primaryimage"},"image":{"@id":"https:\/\/aeternum.hr\/wordpress\/o-nama-aeternum\/#primaryimage"},"thumbnailUrl":"https:\/\/aeternum.hr\/wordpress\/wp-content\/uploads\/2024\/01\/pexels-pixabay-159306-1-1024x683.jpg","datePublished":"2022-07-08T13:46:21+00:00","dateModified":"2024-01-29T21:21:33+00:00","description":"Aeternum se ponosi svojom predano\u0161\u0107u klijentima i pristupom koji kombinira stru\u010dnost, inovacije i visoke standarde kvalitete.","breadcrumb":{"@id":"https:\/\/aeternum.hr\/wordpress\/o-nama-aeternum\/#breadcrumb"},"inLanguage":"hr","potentialAction":[{"@type":"ReadAction","target":["https:\/\/aeternum.hr\/wordpress\/o-nama-aeternum\/"]}]},{"@type":"ImageObject","inLanguage":"hr","@id":"https:\/\/aeternum.hr\/wordpress\/o-nama-aeternum\/#primaryimage","url":"https:\/\/aeternum.hr\/wordpress\/wp-content\/uploads\/2024\/01\/pexels-pixabay-159306-1-scaled.jpg","contentUrl":"https:\/\/aeternum.hr\/wordpress\/wp-content\/uploads\/2024\/01\/pexels-pixabay-159306-1-scaled.jpg","width":2560,"height":1707},{"@type":"BreadcrumbList","@id":"https:\/\/aeternum.hr\/wordpress\/o-nama-aeternum\/#breadcrumb","itemListElement":[{"@type":"ListItem","position":1,"name":"Home","item":"https:\/\/aeternum.hr\/wordpress\/"},{"@type":"ListItem","position":2,"name":"O nama"}]},{"@type":"WebSite","@id":"https:\/\/aeternum.hr\/wordpress\/#website","url":"https:\/\/aeternum.hr\/wordpress\/","name":"Aeternum","description":"Web stranica gra\u0111evinske firme","publisher":{"@id":"https:\/\/aeternum.hr\/wordpress\/#organization"},"potentialAction":[{"@type":"SearchAction","target":{"@type":"EntryPoint","urlTemplate":"https:\/\/aeternum.hr\/wordpress\/?s={search_term_string}"},"query-input":{"@type":"PropertyValueSpecification","valueRequired":true,"valueName":"search_term_string"}}],"inLanguage":"hr"},{"@type":"Organization","@id":"https:\/\/aeternum.hr\/wordpress\/#organization","name":"Aeternum","url":"https:\/\/aeternum.hr\/wordpress\/","logo":{"@type":"ImageObject","inLanguage":"hr","@id":"https:\/\/aeternum.hr\/wordpress\/#\/schema\/logo\/image\/","url":"https:\/\/aeternum.hr\/wordpress\/wp-content\/uploads\/2024\/01\/logo-2.0.png","contentUrl":"https:\/\/aeternum.hr\/wordpress\/wp-content\/uploads\/2024\/01\/logo-2.0.png","width":800,"height":450,"caption":"Aeternum"},"image":{"@id":"https:\/\/aeternum.hr\/wordpress\/#\/schema\/logo\/image\/"}}]}},"_links":{"self":[{"href":"https:\/\/aeternum.hr\/wordpress\/wp-json\/wp\/v2\/pages\/623","targetHints":{"allow":["GET"]}}],"collection":[{"href":"https:\/\/aeternum.hr\/wordpress\/wp-json\/wp\/v2\/pages"}],"about":[{"href":"https:\/\/aeternum.hr\/wordpress\/wp-json\/wp\/v2\/types\/page"}],"author":[{"embeddable":true,"href":"https:\/\/aeternum.hr\/wordpress\/wp-json\/wp\/v2\/users\/1"}],"replies":[{"embeddable":true,"href":"https:\/\/aeternum.hr\/wordpress\/wp-json\/wp\/v2\/comments?post=623"}],"version-history":[{"count":61,"href":"https:\/\/aeternum.hr\/wordpress\/wp-json\/wp\/v2\/pages\/623\/revisions"}],"predecessor-version":[{"id":2380,"href":"https:\/\/aeternum.hr\/wordpress\/wp-json\/wp\/v2\/pages\/623\/revisions\/2380"}],"wp:attachment":[{"href":"https:\/\/aeternum.hr\/wordpress\/wp-json\/wp\/v2\/media?parent=623"}],"curies":[{"name":"wp","href":"https:\/\/api.w.org\/{rel}","templated":true}]}}